{"id":294,"date":"2019-07-16T13:32:21","date_gmt":"2019-07-16T11:32:21","guid":{"rendered":"https:\/\/didko.blogs.ruhr-uni-bochum.de\/?page_id=294"},"modified":"2019-07-16T13:49:58","modified_gmt":"2019-07-16T11:49:58","slug":"verstetigung","status":"publish","type":"page","link":"https:\/\/didko.blogs.ruhr-uni-bochum.de\/?page_id=294","title":{"rendered":"Verstetigung"},"content":{"rendered":"\n<p>Erfolgreiche Lehrveranstaltungen sollen Nachahmer finden! Deswegen m\u00f6chten wir unsere Lehrerfahrungen teilen. Ein erster Schritt in diese Richtung ist unser Werkstattbericht in der Zeitschrift <a href=\"https:\/\/www.springermedizin.de\/das-ist-doch-krank-oder-werkstattbericht-eines-interdisziplinaer\/16649754\">&#8222;Ethik in der Medizin&#8220;<\/a>, den wir zur Halbzeit ver\u00f6ffentlicht haben.<\/p>\n\n\n\n<h3 class=\"wp-block-heading\">Lehrmuster<\/h3>\n\n\n\n<p>Weitere Lehrmaterialien werden nun Schritt f\u00fcr Schritt f\u00fcr die Ver\u00f6ffentlichung aufbereitet und hier zur Verf\u00fcgung gestellt. Ein erster Schritt in diese Richtung stellt das <a href=\"https:\/\/lehrmuster.ruhr-uni-bochum.de\/\">RUB-Lehrmuster<\/a> dar. Das Projekt m\u00f6chte Lehrende an der RUB und anderen Universit\u00e4ten inspirieren, in dem es Informationen zu einzelnen Lehrveranstaltungen aber auch ganzen Studienmodulen online und offline zur Verf\u00fcgung h\u00e4lt. Auf diese Weise soll die Sichtbarkeit guter Lehre erh\u00f6ht und ihr Transfer erm\u00f6glicht werden.<\/p>\n\n\n\n<p>Das Lehrmuster zum Seminar &#8222;Das ist doch krank, oder?&#8220; finden sie <a href=\"https:\/\/lehrmuster.ruhr-uni-bochum.de\/2019\/07\/16\/das-ist-doch-krank-oder-ein-interdisziplinaeres-lehrforschungsprojekt-in-der-psychiatrie\/?pdf=820\">hier<\/a>.<\/p>\n\n\n\n<h3 class=\"wp-block-heading\">Weitere Informationen<\/h3>\n\n\n\n<p>Derzeit arbeiten wir an der Aufbereitung der Lehrplanungen. Wir werden Sie in K\u00fcrze hier zur Verf\u00fcgung stellen<\/p>\n","protected":false},"excerpt":{"rendered":"<p>Erfolgreiche Lehrveranstaltungen sollen Nachahmer finden! Deswegen m\u00f6chten wir unsere Lehrerfahrungen teilen. Ein erster Schritt in diese Richtung ist unser Werkstattbericht in der Zeitschrift &#8222;Ethik in der Medizin&#8220;, den wir zur Halbzeit ver\u00f6ffentlicht haben. Lehrmuster Weitere Lehrmaterialien werden nun Schritt f\u00fcr Schritt f\u00fcr die Ver\u00f6ffentlichung aufbereitet und hier zur Verf\u00fcgung gestellt. Ein erster Schritt in diese [&hellip;]<\/p>\n","protected":false},"author":7,"featured_media":0,"parent":0,"menu_order":6,"comment_status":"closed","ping_status":"closed","template":"","meta":{"site-sidebar-layout":"default","site-content-layout":"","ast-site-content-layout":"default","site-content-style":"default","site-sidebar-style":"default","ast-global-header-display":"","ast-banner-title-visibility":"","ast-main-header-display":"","ast-hfb-above-header-display":"","ast-hfb-below-header-display":"","ast-hfb-mobile-header-display":"","site-post-title":"","ast-breadcrumbs-content":"","ast-featured-img":"","footer-sml-layout":"","ast-disable-related-posts":"","theme-transparent-header-meta":"","adv-header-id-meta":"","stick-header-meta":"","header-above-stick-meta":"","header-main-stick-meta":"","header-below-stick-meta":"","astra-migrate-meta-layouts":"default","ast-page-background-enabled":"default","ast-page-background-meta":{"desktop":{"background-color":"var(--ast-global-color-4)","background-image":"","background-repeat":"repeat","background-position":"center center","background-size":"auto","background-attachment":"scroll","background-type":"","background-media":"","overlay-type":"","overlay-color":"","overlay-opacity":"","overlay-gradient":""},"tablet":{"background-color":"","background-image":"","background-repeat":"repeat","background-position":"center center","background-size":"auto","background-attachment":"scroll","background-type":"","background-media":"","overlay-type":"","overlay-color":"","overlay-opacity":"","overlay-gradient":""},"mobile":{"background-color":"","background-image":"","background-repeat":"repeat","background-position":"center center","background-size":"auto","background-attachment":"scroll","background-type":"","background-media":"","overlay-type":"","overlay-color":"","overlay-opacity":"","overlay-gradient":""}},"ast-content-background-meta":{"desktop":{"background-color":"var(--ast-global-color-5)","background-image":"","background-repeat":"repeat","background-position":"center center","background-size":"auto","background-attachment":"scroll","background-type":"","background-media":"","overlay-type":"","overlay-color":"","overlay-opacity":"","overlay-gradient":""},"tablet":{"background-color":"var(--ast-global-color-5)","background-image":"","background-repeat":"repeat","background-position":"center center","background-size":"auto","background-attachment":"scroll","background-type":"","background-media":"","overlay-type":"","overlay-color":"","overlay-opacity":"","overlay-gradient":""},"mobile":{"background-color":"var(--ast-global-color-5)","background-image":"","background-repeat":"repeat","background-position":"center center","background-size":"auto","background-attachment":"scroll","background-type":"","background-media":"","overlay-type":"","overlay-color":"","overlay-opacity":"","overlay-gradient":""}},"footnotes":""},"class_list":["post-294","page","type-page","status-publish","hentry"],"_links":{"self":[{"href":"https:\/\/didko.blogs.ruhr-uni-bochum.de\/index.php?rest_route=\/wp\/v2\/pages\/294","targetHints":{"allow":["GET"]}}],"collection":[{"href":"https:\/\/didko.blogs.ruhr-uni-bochum.de\/index.php?rest_route=\/wp\/v2\/pages"}],"about":[{"href":"https:\/\/didko.blogs.ruhr-uni-bochum.de\/index.php?rest_route=\/wp\/v2\/types\/page"}],"author":[{"embeddable":true,"href":"https:\/\/didko.blogs.ruhr-uni-bochum.de\/index.php?rest_route=\/wp\/v2\/users\/7"}],"replies":[{"embeddable":true,"href":"https:\/\/didko.blogs.ruhr-uni-bochum.de\/index.php?rest_route=%2Fwp%2Fv2%2Fcomments&post=294"}],"version-history":[{"count":3,"href":"https:\/\/didko.blogs.ruhr-uni-bochum.de\/index.php?rest_route=\/wp\/v2\/pages\/294\/revisions"}],"predecessor-version":[{"id":299,"href":"https:\/\/didko.blogs.ruhr-uni-bochum.de\/index.php?rest_route=\/wp\/v2\/pages\/294\/revisions\/299"}],"wp:attachment":[{"href":"https:\/\/didko.blogs.ruhr-uni-bochum.de\/index.php?rest_route=%2Fwp%2Fv2%2Fmedia&parent=294"}],"curies":[{"name":"wp","href":"https:\/\/api.w.org\/{rel}","templated":true}]}}